{"id":8,"date":"2011-03-01T14:16:47","date_gmt":"2011-03-01T13:16:47","guid":{"rendered":"http:\/\/www.godollo-zarszerviz.hu\/?page_id=8"},"modified":"2021-04-30T07:22:53","modified_gmt":"2021-04-30T06:22:53","slug":"kapcsolat","status":"publish","type":"page","link":"https:\/\/www.godollo-zarszerviz.hu\/?page_id=8","title":{"rendered":"Kapcsolat"},"content":{"rendered":"<h1>Tel: <a href=\"tel:0628815274\">06 28 815 274<\/a><\/h1>\n<p>Mi\u00e9rt is \u00e9rdemes kapcsolatba ker\u00fclni vel\u00fcnk? Mert szakembereink t\u00f6bb ezer ilyen \u00e9s hasonl\u00f3 munkafolyamaton vannak m\u00e1r t\u00fal, c\u00e9g\u00fcnkn\u00e9l t\u00f6bb \u00e9ve dolgoznak \u00e9s ez\u00e1ltal megb\u00edzhat\u00f3s\u00e1guk 100%-os.<\/p>\n","protected":false},"excerpt":{"rendered":"<p>Tel: 06 28 815 274 Mi\u00e9rt is \u00e9rdemes kapcsolatba ker\u00fclni vel\u00fcnk? Mert szakembereink t\u00f6bb ezer ilyen \u00e9s hasonl\u00f3 munkafolyamaton vannak m\u00e1r t\u00fal, c\u00e9g\u00fcnkn\u00e9l t\u00f6bb \u00e9ve dolgoznak \u00e9s ez\u00e1ltal megb\u00edzhat\u00f3s\u00e1guk 100%-os.<\/p>\n","protected":false},"author":1,"featured_media":39,"parent":0,"menu_order":1,"comment_status":"closed","ping_status":"open","template":"","meta":[],"_links":{"self":[{"href":"https:\/\/www.godollo-zarszerviz.hu\/index.php?rest_route=\/wp\/v2\/pages\/8"}],"collection":[{"href":"https:\/\/www.godollo-zarszerviz.hu\/index.php?rest_route=\/wp\/v2\/pages"}],"about":[{"href":"https:\/\/www.godollo-zarszerviz.hu\/index.php?rest_route=\/wp\/v2\/types\/page"}],"author":[{"embeddable":true,"href":"https:\/\/www.godollo-zarszerviz.hu\/index.php?rest_route=\/wp\/v2\/users\/1"}],"replies":[{"embeddable":true,"href":"https:\/\/www.godollo-zarszerviz.hu\/index.php?rest_route=%2Fwp%2Fv2%2Fcomments&post=8"}],"version-history":[{"count":5,"href":"https:\/\/www.godollo-zarszerviz.hu\/index.php?rest_route=\/wp\/v2\/pages\/8\/revisions"}],"predecessor-version":[{"id":26,"href":"https:\/\/www.godollo-zarszerviz.hu\/index.php?rest_route=\/wp\/v2\/pages\/8\/revisions\/26"}],"wp:featuredmedia":[{"embeddable":true,"href":"https:\/\/www.godollo-zarszerviz.hu\/index.php?rest_route=\/wp\/v2\/media\/39"}],"wp:attachment":[{"href":"https:\/\/www.godollo-zarszerviz.hu\/index.php?rest_route=%2Fwp%2Fv2%2Fmedia&parent=8"}],"curies":[{"name":"wp","href":"https:\/\/api.w.org\/{rel}","templated":true}]}}